{"id":2037,"date":"2023-12-23T01:01:34","date_gmt":"2023-12-23T01:01:34","guid":{"rendered":"https:\/\/mexcharter.com\/?page_id=2037"},"modified":"2023-12-23T01:01:34","modified_gmt":"2023-12-23T01:01:34","slug":"nuestros-viajes","status":"publish","type":"page","link":"https:\/\/mexcharter.com\/index.php\/nuestros-viajes\/","title":{"rendered":"Nuestros Viajes"},"content":{"rendered":"<ul class=\"wp-block-categories-list wp-block-categories has-medium-font-size\">\t<li class=\"cat-item cat-item-22\"><a href=\"https:\/\/mexcharter.com\/index.php\/category\/arqueologia\/\">Arqueolog\u00eda<\/a>\n<\/li>\n\t<li class=\"cat-item cat-item-13\"><a href=\"https:\/\/mexcharter.com\/index.php\/category\/aventura\/\">Aventura<\/a>\n<\/li>\n\t<li class=\"cat-item cat-item-14\"><a href=\"https:\/\/mexcharter.com\/index.php\/category\/cultura\/\">Cultura<\/a>\n<\/li>\n\t<li class=\"cat-item cat-item-16\"><a href=\"https:\/\/mexcharter.com\/index.php\/category\/gastronomia\/\">Gastronom\u00eda<\/a>\n<\/li>\n\t<li class=\"cat-item cat-item-15\"><a href=\"https:\/\/mexcharter.com\/index.php\/category\/geologia\/\">Geolog\u00eda<\/a>\n<\/li>\n\t<li class=\"cat-item cat-item-17\"><a href=\"https:\/\/mexcharter.com\/index.php\/category\/naturaleza\/\">Naturaleza<\/a>\n<\/li>\n\t<li class=\"cat-item cat-item-1\"><a href=\"https:\/\/mexcharter.com\/index.php\/category\/sin-categoria\/\">Sin categor\u00eda<\/a>\n<\/li>\n<\/ul>","protected":false},"excerpt":{"rendered":"","protected":false},"author":1,"featured_media":1989,"parent":0,"menu_order":0,"comment_status":"closed","ping_status":"closed","template":"","meta":{"_uag_custom_page_level_css":"","site-sidebar-layout":"default","site-content-layout":"","ast-site-content-layout":"default","site-content-style":"default","site-sidebar-style":"default","ast-global-header-display":"","ast-banner-title-visibility":"","ast-main-header-display":"","ast-hfb-above-header-display":"","ast-hfb-below-header-display":"","ast-hfb-mobile-header-display":"","site-post-title":"","ast-breadcrumbs-content":"","ast-featured-img":"","footer-sml-layout":"","theme-transparent-header-meta":"","adv-header-id-meta":"","stick-header-meta":"","header-above-stick-meta":"","header-main-stick-meta":"","header-below-stick-meta":"","astra-migrate-meta-layouts":"set"},"featured_image_urls":{"full":["https:\/\/mexcharter.com\/wp-content\/uploads\/2023\/12\/avenue-trees-path-815297-e1702829454406.jpg",9,9,false],"thumbnail":["https:\/\/mexcharter.com\/wp-content\/uploads\/2023\/12\/avenue-trees-path-815297-150x150.jpg",150,150,true],"medium":["https:\/\/mexcharter.com\/wp-content\/uploads\/2023\/12\/avenue-trees-path-815297-300x200.jpg",300,200,true],"medium_large":["https:\/\/mexcharter.com\/wp-content\/uploads\/2023\/12\/avenue-trees-path-815297-768x512.jpg",768,512,true],"large":["https:\/\/mexcharter.com\/wp-content\/uploads\/2023\/12\/avenue-trees-path-815297-1024x682.jpg",1024,682,true],"trip-thumb-size":["https:\/\/mexcharter.com\/wp-content\/uploads\/2023\/12\/avenue-trees-path-815297-374x226.jpg",374,226,true],"destination-thumb-size":["https:\/\/mexcharter.com\/wp-content\/uploads\/2023\/12\/avenue-trees-path-815297-600x810.jpg",600,810,true],"destination-thumb-trip-size":["https:\/\/mexcharter.com\/wp-content\/uploads\/2023\/12\/avenue-trees-path-815297-410x250.jpg",410,250,true],"activities-thumb-size":["https:\/\/mexcharter.com\/wp-content\/uploads\/2023\/12\/avenue-trees-path-815297-600x810.jpg",600,810,true],"trip-single-size":["https:\/\/mexcharter.com\/wp-content\/uploads\/2023\/12\/avenue-trees-path-815297-990x490.jpg",990,490,true],"1536x1536":["https:\/\/mexcharter.com\/wp-content\/uploads\/2023\/12\/avenue-trees-path-815297-e1702829454406.jpg",9,9,false],"2048x2048":["https:\/\/mexcharter.com\/wp-content\/uploads\/2023\/12\/avenue-trees-path-815297-e1702829454406.jpg",9,9,false]},"post_excerpt_stackable":"<p>Arqueolog\u00eda Aventura Cultura Gastronom\u00eda Geolog\u00eda Naturaleza Sin categor\u00eda<\/p>\n","category_list":"","author_info":{"name":"mexcharter.com","url":"https:\/\/mexcharter.com\/index.php\/author\/mexcharter-com\/"},"comments_num":"0 comments","uagb_featured_image_src":{"full":["https:\/\/mexcharter.com\/wp-content\/uploads\/2023\/12\/avenue-trees-path-815297-e1702829454406.jpg",9,9,false],"thumbnail":["https:\/\/mexcharter.com\/wp-content\/uploads\/2023\/12\/avenue-trees-path-815297-150x150.jpg",150,150,true],"medium":["https:\/\/mexcharter.com\/wp-content\/uploads\/2023\/12\/avenue-trees-path-815297-300x200.jpg",300,200,true],"medium_large":["https:\/\/mexcharter.com\/wp-content\/uploads\/2023\/12\/avenue-trees-path-815297-768x512.jpg",768,512,true],"large":["https:\/\/mexcharter.com\/wp-content\/uploads\/2023\/12\/avenue-trees-path-815297-1024x682.jpg",1024,682,true],"trip-thumb-size":["https:\/\/mexcharter.com\/wp-content\/uploads\/2023\/12\/avenue-trees-path-815297-374x226.jpg",374,226,true],"destination-thumb-size":["https:\/\/mexcharter.com\/wp-content\/uploads\/2023\/12\/avenue-trees-path-815297-600x810.jpg",600,810,true],"destination-thumb-trip-size":["https:\/\/mexcharter.com\/wp-content\/uploads\/2023\/12\/avenue-trees-path-815297-410x250.jpg",410,250,true],"activities-thumb-size":["https:\/\/mexcharter.com\/wp-content\/uploads\/2023\/12\/avenue-trees-path-815297-600x810.jpg",600,810,true],"trip-single-size":["https:\/\/mexcharter.com\/wp-content\/uploads\/2023\/12\/avenue-trees-path-815297-990x490.jpg",990,490,true],"1536x1536":["https:\/\/mexcharter.com\/wp-content\/uploads\/2023\/12\/avenue-trees-path-815297-e1702829454406.jpg",9,9,false],"2048x2048":["https:\/\/mexcharter.com\/wp-content\/uploads\/2023\/12\/avenue-trees-path-815297-e1702829454406.jpg",9,9,false]},"uagb_author_info":{"display_name":"mexcharter.com","author_link":"https:\/\/mexcharter.com\/index.php\/author\/mexcharter-com\/"},"uagb_comment_info":0,"uagb_excerpt":null,"_links":{"self":[{"href":"https:\/\/mexcharter.com\/index.php\/wp-json\/wp\/v2\/pages\/2037"}],"collection":[{"href":"https:\/\/mexcharter.com\/index.php\/wp-json\/wp\/v2\/pages"}],"about":[{"href":"https:\/\/mexcharter.com\/index.php\/wp-json\/wp\/v2\/types\/page"}],"author":[{"embeddable":true,"href":"https:\/\/mexcharter.com\/index.php\/wp-json\/wp\/v2\/users\/1"}],"replies":[{"embeddable":true,"href":"https:\/\/mexcharter.com\/index.php\/wp-json\/wp\/v2\/comments?post=2037"}],"version-history":[{"count":2,"href":"https:\/\/mexcharter.com\/index.php\/wp-json\/wp\/v2\/pages\/2037\/revisions"}],"predecessor-version":[{"id":2039,"href":"https:\/\/mexcharter.com\/index.php\/wp-json\/wp\/v2\/pages\/2037\/revisions\/2039"}],"wp:featuredmedia":[{"embeddable":true,"href":"https:\/\/mexcharter.com\/index.php\/wp-json\/wp\/v2\/media\/1989"}],"wp:attachment":[{"href":"https:\/\/mexcharter.com\/index.php\/wp-json\/wp\/v2\/media?parent=2037"}],"curies":[{"name":"wp","href":"https:\/\/api.w.org\/{rel}","templated":true}]}}