{"id":1322,"date":"2022-02-24T05:02:56","date_gmt":"2022-02-24T05:02:56","guid":{"rendered":"https:\/\/mexcharter.com\/index.php\/home\/"},"modified":"2024-01-14T17:30:15","modified_gmt":"2024-01-14T17:30:15","slug":"inicio","status":"publish","type":"page","link":"https:\/\/mexcharter.com\/","title":{"rendered":"Home"},"content":{"rendered":"\n<div class=\"wp-block-uagb-container uagb-block-494c42c4 alignfull uagb-is-root-container\"><div class=\"uagb-container-inner-blocks-wrap\">\n<div class=\"wp-block-uagb-advanced-heading uagb-block-b6b60c01\"><h1 class=\"uagb-heading-text\">Nos Encanta <\/h1><\/div>\n\n\n\n\n\n\n\n<div class=\"wp-block-uagb-advanced-heading uagb-block-93736035\"><h1 class=\"uagb-heading-text\"> M\u00e9xico<\/h1><\/div>\n<\/div><\/div>\n\n\n\n<div class=\"wp-block-uagb-container uagb-block-5fcee4f8 alignfull uagb-is-root-container\"><div class=\"uagb-container-inner-blocks-wrap\">\n<div class=\"wp-block-uagb-advanced-heading uagb-block-2b5f3149\"><h2 class=\"uagb-heading-text\">Nuestros Servicios<\/h2><div class=\"uagb-separator\"><\/div><\/div>\n\n\n\n<div class=\"wp-block-uagb-container uagb-block-ed2081ea\">\n<div class=\"wp-block-uagb-container uagb-block-4eeee70a\">\n<div class=\"wp-block-uagb-info-box uagb-block-56d081d1 uagb-infobox__content-wrap  uagb-infobox-icon-above-title uagb-infobox-image-valign-top\"><div class=\"uagb-ifb-content\"><div class=\"uagb-ifb-image-content\"><img decoding=\"async\" src=\"https:\/\/mexcharter.com\/wp-content\/uploads\/2021\/11\/service-1.jpg\" alt=\"\" width=\"370\" height=\"500\" loading=\"lazy\"\/><\/div><div class=\"uagb-ifb-title-wrap\"><h3 class=\"uagb-ifb-title\">Viajes y Recorridos<\/h3><\/div><p class=\"uagb-ifb-desc\">No solo son paseos, son experiencias para descubrir juntos, lugares, naturaleza, aventura, cultura y la magia de cada rinc\u00f3n de nuestro pa\u00eds<\/p><\/div><\/div>\n<\/div>\n\n\n\n<div class=\"wp-block-uagb-container uagb-block-de9dc289\">\n<div class=\"wp-block-uagb-info-box uagb-block-b483e0d5 uagb-infobox__content-wrap  uagb-infobox-icon-above-title uagb-infobox-image-valign-top\"><div class=\"uagb-ifb-content\"><div class=\"uagb-ifb-image-content\"><img decoding=\"async\" src=\"https:\/\/mexcharter.com\/wp-content\/uploads\/2023\/12\/eyeglasses-world-map-map-8227429.jpg\" alt=\"eyeglasses, world map, map-8227429.jpg\" width=\"1280\" height=\"960\" loading=\"lazy\"\/><\/div><div class=\"uagb-ifb-title-wrap\"><h3 class=\"uagb-ifb-title\">Consultor\u00eda Tur\u00edstica y Desarrollo de Destinos<\/h3><\/div><p class=\"uagb-ifb-desc\">Colaboramos  con el desarrollo de destinos  y todo tipo de empresas tur\u00edsticas, Hospedaje, Gastronom\u00eda, Culturales Transporte, Tour Operador y aviaci\u00f3n,<\/p><\/div><\/div>\n<\/div>\n\n\n\n<div class=\"wp-block-uagb-container uagb-block-6edb74a0\">\n<div class=\"wp-block-uagb-info-box uagb-block-09a88236 uagb-infobox__content-wrap  uagb-infobox-icon-above-title uagb-infobox-image-valign-top\"><div class=\"uagb-ifb-content\"><div class=\"uagb-ifb-image-content\"><img decoding=\"async\" src=\"https:\/\/mexcharter.com\/wp-content\/uploads\/2023\/12\/globos-aerostaticos-mexico-copia.jpg\" alt=\"\" width=\"720\" height=\"600\" loading=\"lazy\"\/><\/div><div class=\"uagb-ifb-title-wrap\"><h3 class=\"uagb-ifb-title\">Destinos en M\u00e9xico<\/h3><\/div><p class=\"uagb-ifb-desc\">Proporcionamos informaci\u00f3n sobre nuevos destinos, nuevas experiencias y actividsdes. Te ayudamos a descubrir sitios poco conocidos pero llenos de cosas bellas e interesantes.<\/p><\/div><\/div>\n<\/div>\n<\/div>\n<\/div><\/div>\n\n\n\n<div class=\"wp-block-uagb-container uagb-block-fb32e4bf alignfull uagb-is-root-container\"><div class=\"uagb-container-inner-blocks-wrap\">\n<div class=\"wp-block-uagb-testimonial uagb-slick-carousel uagb-tm__arrow-outside uagb-block-9c9f7caf uagb-post__carousel_notset uagb-post__carousel_notset-tablet uagb-post__carousel_notset-mobile\"><div class=\"is-carousel uagb-tm__columns-1 uagb-tm__items\"><div class=\"uagb-testimonial__wrap  uagb-tm__imgicon-style-circle uagb-tm__image-position-top uagb-tm__bg-type-none \"><div class=\"uagb-tm__content\"><div class=\"uagb-tm__overlay\"><\/div><div class=\"uagb-tm__image-content\"><div class=\"uagb-tm__image\"><img decoding=\"async\" class=\"uagb-tm-img-src\" src=\"https:\/\/mexcharter.com\/wp-content\/uploads\/2021\/11\/avatar_on_home.png\" alt=\"\" width=\"80\" height=\"80\" loading=\"lazy\"\/><\/div><\/div><div class=\"uagb-tm__text-wrap\"><div class=\"uagb-tm__desc\">\u201cOriginal and with an innate understanding of their customer\u2019s needs, the team at Love Nature is always a pleasure to work with.\u201d<\/div><div class=\"uagb-tm__meta-inner\"><div class=\"uagb-testimonial-details\"><span class=\"uagb-tm__author-name\">Jane Miller<\/span><span class=\"uagb-tm__company\"><\/span><\/div><\/div><\/div><\/div><\/div><\/div><\/div>\n<\/div><\/div>\n\n\n\n<div class=\"wp-block-uagb-container uagb-block-f3942af0 alignfull uagb-is-root-container\"><div class=\"uagb-container-inner-blocks-wrap\">\n<div class=\"wp-block-uagb-container uagb-block-bcac75b1\">\n<div class=\"wp-block-uagb-info-box uagb-block-a01009d9 uagb-infobox__content-wrap  uagb-infobox-icon-above-title uagb-infobox-image-valign-top\"><div class=\"uagb-ifb-content\"><div class=\"uagb-ifb-title-wrap\"><span class=\"uagb-ifb-title-prefix\">Quienes Somos<\/span><h4 class=\"uagb-ifb-title\">Somos enamorados de M\u00e9xico y de los grandes viajes <\/h4><\/div><p class=\"uagb-ifb-desc\">Tenemos mas de 30 a\u00f1os en el turismo, y en  estudios del medio f\u00edsico, siembre buscamos nuevos sitios y nuevas experiencias para compartir con personas que aprecien la belleza, la aventura y la magia de estos lugares.<\/p><div class=\"uagb-ifb-button-wrapper wp-block-button\"><a href=\"#\" class=\"uagb-infobox-cta-link wp-block-button__link\" target=\"_self\" rel=\"noopener noreferrer\" onclick=\"return false;\" alt=\"\"><span class=\"uagb-inline-editing\">Quieres saber nas?<\/span><\/a><\/div><\/div><\/div>\n<\/div>\n\n\n\n<div class=\"wp-block-uagb-container uagb-block-0408e4b0\">\n<div class=\"wp-block-uagb-image uagb-block-db147eec wp-block-uagb-image--layout-default wp-block-uagb-image--effect-static wp-block-uagb-image--align-none\"><figure class=\"wp-block-uagb-image__figure\"><img decoding=\"async\" srcset=\"https:\/\/mexcharter.com\/wp-content\/uploads\/2023\/12\/camino-a-batopilas-copia.jpg ,https:\/\/mexcharter.com\/wp-content\/uploads\/2023\/12\/camino-a-batopilas-copia.jpg 780w, https:\/\/mexcharter.com\/wp-content\/uploads\/2023\/12\/camino-a-batopilas-copia.jpg 360w\" sizes=\"(max-width: 480px) 150px\" src=\"https:\/\/mexcharter.com\/wp-content\/uploads\/2023\/12\/camino-a-batopilas-copia.jpg\" alt=\"\" class=\"uag-image-2054\" width=\"470\" height=\"570\" title=\"\" loading=\"lazy\"\/><\/figure><\/div>\n<\/div>\n<\/div><\/div>\n\n\n\n<div class=\"wp-block-uagb-container uagb-block-05a4a518 alignfull uagb-is-root-container\"><div class=\"uagb-container-inner-blocks-wrap\">\n<div class=\"wp-block-uagb-info-box uagb-block-9a97965e uagb-infobox__content-wrap  uagb-infobox-icon-above-title uagb-infobox-image-valign-top\"><div class=\"uagb-ifb-content\"><div class=\"uagb-ifb-title-wrap\"><h2 class=\"uagb-ifb-title\">\u00bfQuieres un viaje especial?<\/h2><\/div><p class=\"uagb-ifb-desc\">Si quieres un viaje especial con un grupos, con tu pareja, con tu familia o con amigos, podemos hacer un gran viaje, nos ajustamos a tus preferencias y presupuestos, cont\u00e1ct\u00e1nos<\/p><div class=\"uagb-ifb-button-wrapper wp-block-button\"><a href=\"#\" class=\"uagb-infobox-cta-link wp-block-button__link\" target=\"_self\" rel=\"noopener noreferrer\" onclick=\"return false;\" alt=\"\"><span class=\"uagb-inline-editing\">Let&#8217;s Talk Now<\/span><\/a><\/div><\/div><\/div>\n<\/div><\/div>\n","protected":false},"excerpt":{"rendered":"<p>Nos Encanta M\u00e9xico Nuestros Servicios<\/p>\n","protected":false},"author":1,"featured_media":1978,"parent":0,"menu_order":0,"comment_status":"closed","ping_status":"closed","template":"","meta":{"_uag_custom_page_level_css":"","site-sidebar-layout":"no-sidebar","site-content-layout":"page-builder","ast-site-content-layout":"full-width-container","site-content-style":"unboxed","site-sidebar-style":"unboxed","ast-global-header-display":"","ast-banner-title-visibility":"","ast-main-header-display":"","ast-hfb-above-header-display":"","ast-hfb-below-header-display":"","ast-hfb-mobile-header-display":"","site-post-title":"disabled","ast-breadcrumbs-content":"","ast-featured-img":"disabled","footer-sml-layout":"","theme-transparent-header-meta":"enabled","adv-header-id-meta":"","stick-header-meta":"","header-above-stick-meta":"","header-main-stick-meta":"","header-below-stick-meta":"","astra-migrate-meta-layouts":"set"},"featured_image_urls":{"full":["https:\/\/mexcharter.com\/wp-content\/uploads\/2023\/12\/globos-aerostaticos-mexico-copia.jpg",720,600,false],"thumbnail":["https:\/\/mexcharter.com\/wp-content\/uploads\/2023\/12\/globos-aerostaticos-mexico-copia-150x150.jpg",150,150,true],"medium":["https:\/\/mexcharter.com\/wp-content\/uploads\/2023\/12\/globos-aerostaticos-mexico-copia-300x250.jpg",300,250,true],"medium_large":["https:\/\/mexcharter.com\/wp-content\/uploads\/2023\/12\/globos-aerostaticos-mexico-copia.jpg",720,600,false],"large":["https:\/\/mexcharter.com\/wp-content\/uploads\/2023\/12\/globos-aerostaticos-mexico-copia.jpg",720,600,false],"trip-thumb-size":["https:\/\/mexcharter.com\/wp-content\/uploads\/2023\/12\/globos-aerostaticos-mexico-copia-374x226.jpg",374,226,true],"destination-thumb-size":["https:\/\/mexcharter.com\/wp-content\/uploads\/2023\/12\/globos-aerostaticos-mexico-copia-600x600.jpg",600,600,true],"destination-thumb-trip-size":["https:\/\/mexcharter.com\/wp-content\/uploads\/2023\/12\/globos-aerostaticos-mexico-copia-410x250.jpg",410,250,true],"activities-thumb-size":["https:\/\/mexcharter.com\/wp-content\/uploads\/2023\/12\/globos-aerostaticos-mexico-copia-600x600.jpg",600,600,true],"trip-single-size":["https:\/\/mexcharter.com\/wp-content\/uploads\/2023\/12\/globos-aerostaticos-mexico-copia-720x490.jpg",720,490,true],"1536x1536":["https:\/\/mexcharter.com\/wp-content\/uploads\/2023\/12\/globos-aerostaticos-mexico-copia.jpg",720,600,false],"2048x2048":["https:\/\/mexcharter.com\/wp-content\/uploads\/2023\/12\/globos-aerostaticos-mexico-copia.jpg",720,600,false]},"post_excerpt_stackable":"<p>Nos Encanta M\u00e9xico Nuestros Servicios Viajes y RecorridosNo solo son paseos, son experiencias para descubrir juntos, lugares, naturaleza, aventura, cultura y la magia de cada rinc\u00f3n de nuestro pa\u00eds Consultor\u00eda Tur\u00edstica y Desarrollo de DestinosColaboramos con el desarrollo de destinos y todo tipo de empresas tur\u00edsticas, Hospedaje, Gastronom\u00eda, Culturales Transporte, Tour Operador y aviaci\u00f3n, Destinos en M\u00e9xicoProporcionamos informaci\u00f3n sobre nuevos destinos, nuevas experiencias y actividsdes. Te ayudamos a descubrir sitios poco conocidos pero llenos de cosas bellas e interesantes. \u201cOriginal and with an innate understanding of their customer\u2019s needs, the team at Love Nature is always a pleasure to work&hellip;<\/p>\n","category_list":"","author_info":{"name":"mexcharter.com","url":"https:\/\/mexcharter.com\/index.php\/author\/mexcharter-com\/"},"comments_num":"0 comments","uagb_featured_image_src":{"full":["https:\/\/mexcharter.com\/wp-content\/uploads\/2023\/12\/globos-aerostaticos-mexico-copia.jpg",720,600,false],"thumbnail":["https:\/\/mexcharter.com\/wp-content\/uploads\/2023\/12\/globos-aerostaticos-mexico-copia-150x150.jpg",150,150,true],"medium":["https:\/\/mexcharter.com\/wp-content\/uploads\/2023\/12\/globos-aerostaticos-mexico-copia-300x250.jpg",300,250,true],"medium_large":["https:\/\/mexcharter.com\/wp-content\/uploads\/2023\/12\/globos-aerostaticos-mexico-copia.jpg",720,600,false],"large":["https:\/\/mexcharter.com\/wp-content\/uploads\/2023\/12\/globos-aerostaticos-mexico-copia.jpg",720,600,false],"trip-thumb-size":["https:\/\/mexcharter.com\/wp-content\/uploads\/2023\/12\/globos-aerostaticos-mexico-copia-374x226.jpg",374,226,true],"destination-thumb-size":["https:\/\/mexcharter.com\/wp-content\/uploads\/2023\/12\/globos-aerostaticos-mexico-copia-600x600.jpg",600,600,true],"destination-thumb-trip-size":["https:\/\/mexcharter.com\/wp-content\/uploads\/2023\/12\/globos-aerostaticos-mexico-copia-410x250.jpg",410,250,true],"activities-thumb-size":["https:\/\/mexcharter.com\/wp-content\/uploads\/2023\/12\/globos-aerostaticos-mexico-copia-600x600.jpg",600,600,true],"trip-single-size":["https:\/\/mexcharter.com\/wp-content\/uploads\/2023\/12\/globos-aerostaticos-mexico-copia-720x490.jpg",720,490,true],"1536x1536":["https:\/\/mexcharter.com\/wp-content\/uploads\/2023\/12\/globos-aerostaticos-mexico-copia.jpg",720,600,false],"2048x2048":["https:\/\/mexcharter.com\/wp-content\/uploads\/2023\/12\/globos-aerostaticos-mexico-copia.jpg",720,600,false]},"uagb_author_info":{"display_name":"mexcharter.com","author_link":"https:\/\/mexcharter.com\/index.php\/author\/mexcharter-com\/"},"uagb_comment_info":0,"uagb_excerpt":"Nos Encanta M\u00e9xico Nuestros Servicios","_links":{"self":[{"href":"https:\/\/mexcharter.com\/index.php\/wp-json\/wp\/v2\/pages\/1322"}],"collection":[{"href":"https:\/\/mexcharter.com\/index.php\/wp-json\/wp\/v2\/pages"}],"about":[{"href":"https:\/\/mexcharter.com\/index.php\/wp-json\/wp\/v2\/types\/page"}],"author":[{"embeddable":true,"href":"https:\/\/mexcharter.com\/index.php\/wp-json\/wp\/v2\/users\/1"}],"replies":[{"embeddable":true,"href":"https:\/\/mexcharter.com\/index.php\/wp-json\/wp\/v2\/comments?post=1322"}],"version-history":[{"count":14,"href":"https:\/\/mexcharter.com\/index.php\/wp-json\/wp\/v2\/pages\/1322\/revisions"}],"predecessor-version":[{"id":2166,"href":"https:\/\/mexcharter.com\/index.php\/wp-json\/wp\/v2\/pages\/1322\/revisions\/2166"}],"wp:featuredmedia":[{"embeddable":true,"href":"https:\/\/mexcharter.com\/index.php\/wp-json\/wp\/v2\/media\/1978"}],"wp:attachment":[{"href":"https:\/\/mexcharter.com\/index.php\/wp-json\/wp\/v2\/media?parent=1322"}],"curies":[{"name":"wp","href":"https:\/\/api.w.org\/{rel}","templated":true}]}}